{"id":104,"date":"2025-02-10T13:07:28","date_gmt":"2025-02-10T12:07:28","guid":{"rendered":"https:\/\/kinderbasar.bschorr.de\/?page_id=104"},"modified":"2025-09-07T20:28:38","modified_gmt":"2025-09-07T19:28:38","slug":"einkaufen","status":"publish","type":"page","link":"https:\/\/kinderbasar.bschorr.de\/?page_id=104","title":{"rendered":"Einkaufen"},"content":{"rendered":"<p>Wir sind seit 2017 einer der gr\u00f6ssten vorsortierten Kinderbasare in der Region.<\/p>\n<p>Entspannt einkaufen, dabei Gutes tun und selbst nachhaltig einkaufen?<\/p>\n<p>Das ist m\u00f6glich!<\/p>\n<p>Von engagierten Eltern f\u00fcr engagierte Eltern. Der Gewinn kommt dabei direkt bei Einrichtungen in Vaterstetten an:<\/p>\n<ul>\n<li>KIKABO Evang. Kinderhaus Katharina-von-Bora (Krippe bis Vorschule)<\/li>\n<li>MATAPI-Vorschule an der Brunnenstra\u00dfe<\/li>\n<li>MATAPI-Ganztagesklassen in der Karlheinz-B\u00f6hm-Grundschule Vaterstetten<\/li>\n<li>F\u00f6rderverein der KHB-Grund- und Mittelschule Vaterstetten<\/li>\n<li>AWO Kinderhaus am OHA (Krippe und Kindergarten)<\/li>\n<li>Mittagsbetreuung der Wendelstein-Schule Vaterstetten<\/li>\n<\/ul>\n<p><span style=\"color: #000080;\"><strong>Basarbesucher erkl\u00e4ren sich mit den folgenden Hausregeln einverstanden:<\/strong><\/span><\/p>\n<ol>\n<li>Private Kinderw\u00e4gen, Dreir\u00e4der, Laufr\u00e4der etc. d\u00fcrfen nicht mit in die Halle genommen werden.<\/li>\n<li>Eltern haften f\u00fcr ihre Kinder<\/li>\n<li>W\u00e4hrend des Verkaufs am Samstag sind Rucks\u00e4cke und gr\u00f6ssere Handtaschen im Verkaufsraum verboten. Einkaufstaschen sind in Ordnung und gew\u00fcnscht.<\/li>\n<li>Wir f\u00fchren am Ein- und Ausgang bei Bedarf Taschenkontrollen durch. Dies dient der Sicherheit unseres Basars.<\/li>\n<li>Sollten Rucks\u00e4cke und gr\u00f6ssere Handtaschen mitgebracht werden, sowie bei Verdacht auf einen Diebstahl f\u00fchren wir am Ausgang Taschenkontrollen durch. Liegt ein Diebstahl vor, verst\u00e4ndigen wir immer die Polizei und erstatten Anzeige.<\/li>\n<li>Wechselgeld bitte sofort nachz\u00e4hlen, sp\u00e4tere Reklamationen sind ausgeschlossen.<\/li>\n<li>Wir \u00fcbernehmen keine Haftung f\u00fcr die Vollst\u00e4ndigkeit und Funktion der Ware. Sie k\u00f6nnen zusammen mit einem Basarhelfer die Ware vor Kauf kontrollieren. Der Umtausch und\/oder Reklamationen sind ausgeschlossen.<\/li>\n<li>Wir verpflichten uns zu sorgf\u00e4ltiger Arbeit und gr\u00f6\u00dftm\u00f6glicher Aufmerksamkeit. Sollte es dennoch passieren, dass nicht einwandfreie Artikel in den Verkauf gelangen, so \u00fcbernehmen wir hierf\u00fcr keine Gew\u00e4hrleistung. Vom K\u00e4ufer k\u00f6nnen, bis auf F\u00e4lle von grober Fahrl\u00e4ssigkeit und die Verletzung von Leben und Gesundheit, keine Anspr\u00fcche gegen uns geltend gemacht werden.<\/li>\n<\/ol>\n<p><span style=\"color: #339966;\"><strong>Diese Verkaufsbedingungen werden am Basartag im Verkaufsraum sichtbar angebracht und auf unserer Webseite ver\u00f6ffentlicht.<\/strong><\/span><\/p>\n<p>&nbsp;<\/p>\n","protected":false},"excerpt":{"rendered":"<p>Wir sind seit 2017 einer der gr\u00f6ssten vorsortierten Kinderbasare in der Region. Entspannt einkaufen, dabei Gutes tun und selbst nachhaltig einkaufen? Das ist m\u00f6glich! Von engagierten Eltern f\u00fcr engagierte Eltern. Der Gewinn kommt dabei direkt bei Einrichtungen in Vaterstetten an: KIKABO Evang. Kinderhaus Katharina-von-Bora (Krippe bis Vorschule) MATAPI-Vorschule an der Brunnenstra\u00dfe MATAPI-Ganztagesklassen in der Karlheinz-B\u00f6hm-Grundschule &#8230; <a title=\"Einkaufen\" class=\"read-more\" href=\"https:\/\/kinderbasar.bschorr.de\/?page_id=104\" aria-label=\"Mehr Informationen \u00fcber Einkaufen\">Weiterlesen<\/a><\/p>\n","protected":false},"author":1,"featured_media":0,"parent":0,"menu_order":0,"comment_status":"closed","ping_status":"closed","template":"","meta":{"footnotes":""},"class_list":["post-104","page","type-page","status-publish"],"_links":{"self":[{"href":"https:\/\/kinderbasar.bschorr.de\/index.php?rest_route=\/wp\/v2\/pages\/104","targetHints":{"allow":["GET"]}}],"collection":[{"href":"https:\/\/kinderbasar.bschorr.de\/index.php?rest_route=\/wp\/v2\/pages"}],"about":[{"href":"https:\/\/kinderbasar.bschorr.de\/index.php?rest_route=\/wp\/v2\/types\/page"}],"author":[{"embeddable":true,"href":"https:\/\/kinderbasar.bschorr.de\/index.php?rest_route=\/wp\/v2\/users\/1"}],"replies":[{"embeddable":true,"href":"https:\/\/kinderbasar.bschorr.de\/index.php?rest_route=%2Fwp%2Fv2%2Fcomments&post=104"}],"version-history":[{"count":5,"href":"https:\/\/kinderbasar.bschorr.de\/index.php?rest_route=\/wp\/v2\/pages\/104\/revisions"}],"predecessor-version":[{"id":149,"href":"https:\/\/kinderbasar.bschorr.de\/index.php?rest_route=\/wp\/v2\/pages\/104\/revisions\/149"}],"wp:attachment":[{"href":"https:\/\/kinderbasar.bschorr.de\/index.php?rest_route=%2Fwp%2Fv2%2Fmedia&parent=104"}],"curies":[{"name":"wp","href":"https:\/\/api.w.org\/{rel}","templated":true}]}}