{"id":107,"date":"2025-02-10T13:08:59","date_gmt":"2025-02-10T12:08:59","guid":{"rendered":"https:\/\/kinderbasar.bschorr.de\/?page_id=107"},"modified":"2026-03-15T11:43:21","modified_gmt":"2026-03-15T10:43:21","slug":"helfen-spenden","status":"publish","type":"page","link":"https:\/\/kinderbasar.bschorr.de\/?page_id=107","title":{"rendered":"Helfen"},"content":{"rendered":"<p class=\"font_7 wixui-rich-text__text\" style=\"text-align: left;\"><span class=\"wixui-rich-text__text\">Wir ben\u00f6tigen jedes Mal viele flei\u00dfige Helfere f\u00fcr Auf-\/Abbau, Ein-\/R\u00fccksortieren und Kuchenverkauf. Du hast Lust und Zeit beim n\u00e4chsten Basar als Helfer aktiv zu sein? Ob Mann oder Frau, wir freuen uns \u00fcber jede helfende Hand. <\/span><span class=\"wixui-rich-text__text\">Nur durch die gemeinsame Leistung vieler flei\u00dfiger H\u00e4nde schaffen wir es, dass in Vaterstetten zweimal pro Jahr ein Basar stattfindet.<br \/>\n<\/span><\/p>\n<p class=\"font_7 wixui-rich-text__text\" style=\"text-align: left;\"><span class=\"wixui-rich-text__text\">\u00a0<strong><span class=\"color_37 wixui-rich-text__text\">Wie k\u00f6nnt Ihr helfen?<\/span><\/strong><\/span><\/p>\n<p><span style=\"color: #000080;\"><strong>im Vorfeld:<\/strong><\/span><\/p>\n<ul>\n<li>verteilt unseren Flyer \u00fcber WhatsApp \/ Soziale Medien oder als Papierflyer im Landkreis<\/li>\n<li>spendet Spielsachen und Kinderkleidung vorm Basar zum Verkauf<\/li>\n<li>backt einen Kuchen f\u00fcr unser Kuchenbuffet [Achtung: keine k\u00fchlpflichtigen Torten, nichts mit Sahne und nichts mit N\u00fcssen]<\/li>\n<\/ul>\n<p class=\"font_7 wixui-rich-text__text\" style=\"text-align: left;\"><span class=\"wixui-rich-text__text\"><span class=\"color_37 wixui-rich-text__text\"><strong><span style=\"color: #003366;\">Am Freitag von 15:30 bis 20:00 f\u00fcr den Aufbau:<\/span> <\/strong><br \/>\n<\/span><\/span><\/p>\n<ul>\n<li class=\"font_7 wixui-rich-text__text\" style=\"text-align: left;\">Aufstellen von Kleiderst\u00e4ndern, W\u00e4scheleinen und Verkaufstischen<\/li>\n<li class=\"font_7 wixui-rich-text__text\" style=\"text-align: left;\">Aufbau der Kassen, Anbringen der Wegweiser, Beschriften der Kuchen usw.<\/li>\n<li class=\"font_7 wixui-rich-text__text\" style=\"text-align: left;\"><span class=\"wixui-rich-text__text\"><span class=\"color_42 wixui-rich-text__text\">Sortieren und Einr\u00e4umen<\/span> im Verkaufsbereich<\/span><\/li>\n<\/ul>\n<p class=\"font_7 wixui-rich-text__text\"><span style=\"color: #003366;\"><strong><span class=\"wixui-rich-text__text\"><span class=\"color_37 wixui-rich-text__text\">Am Samstag von 08:30 bis 17:00 f\u00fcr Verkauf und Abbau&#8230;<\/span><\/span><\/strong><\/span><\/p>\n<ul>\n<li class=\"font_7 wixui-rich-text__text\"><span class=\"wixui-rich-text__text\"><span class=\"color_42 wixui-rich-text__text\">Kaffee- und Kuchenverkauf<\/span><\/span><\/li>\n<li class=\"font_7 wixui-rich-text__text\"><span class=\"wixui-rich-text__text\"><span class=\"color_42 wixui-rich-text__text\">Verkaufsunterst\u00fctzung und Basaraufsicht<\/span><\/span><\/li>\n<li class=\"font_7 wixui-rich-text__text\"><span class=\"wixui-rich-text__text\"><span class=\"color_24 wixui-rich-text__text\">Kehren der Halle<\/span><\/span><\/li>\n<li>Aufr\u00e4umprofis: Waren und Spenden zur\u00fcck in Kartons sortieren und Biertische zusammenklappen<\/li>\n<\/ul>\n<p>Folgende Vorteile haben unsere Helfer:innen:<\/p>\n<ol>\n<li><strong><span style=\"color: #0000ff;\">Im Vorverkauf einkaufen: <\/span><\/strong><strong><span style=\"color: #0000ff;\">Freitagabend beim Aufbau bzw. Samstags ab 08:30 entspannt shoppen<\/span><\/strong><\/li>\n<li><strong><span style=\"color: #0000ff;\">Mehr verkaufen k\u00f6nnen: 90 Teile statt 60 Teile abgeben d\u00fcrfen.<\/span><\/strong><\/li>\n<li><strong><span style=\"color: #0000ff;\">Mehr als 2 Schichten helfen, geringere Verkaufsgeb\u00fchren zahlen: Nur \u20ac 0,05\/Artikel + 20% des Verkaufspreis bei Verkauf UND 150 Teile abgeben d\u00fcrfen<\/span><\/strong><\/li>\n<li><span style=\"color: #0000ff;\"><strong>nach Bedarf und Absprache mit dem Orgateam: Stressfreie Warenabgabe\/-abholung<\/strong><\/span><span class=\"wixui-rich-text__text\"><br \/>\n<\/span><\/li>\n<li><span style=\"color: #008000;\"><strong>Au\u00dferdem macht es Spa\u00df, man lernt Eltern anderer Einrichtungen kennen, und schon 2h Mitarbeit bedeuten eine gro\u00dfe Hilfe.<\/strong><\/span><\/li>\n<\/ol>\n","protected":false},"excerpt":{"rendered":"<p>Wir ben\u00f6tigen jedes Mal viele flei\u00dfige Helfere f\u00fcr Auf-\/Abbau, Ein-\/R\u00fccksortieren und Kuchenverkauf. Du hast Lust und Zeit beim n\u00e4chsten Basar als Helfer aktiv zu sein? Ob Mann oder Frau, wir freuen uns \u00fcber jede helfende Hand. Nur durch die gemeinsame Leistung vieler flei\u00dfiger H\u00e4nde schaffen wir es, dass in Vaterstetten zweimal pro Jahr ein Basar &#8230; <a title=\"Helfen\" class=\"read-more\" href=\"https:\/\/kinderbasar.bschorr.de\/?page_id=107\" aria-label=\"Mehr Informationen \u00fcber Helfen\">Weiterlesen<\/a><\/p>\n","protected":false},"author":1,"featured_media":0,"parent":0,"menu_order":0,"comment_status":"closed","ping_status":"closed","template":"","meta":{"footnotes":""},"class_list":["post-107","page","type-page","status-publish"],"_links":{"self":[{"href":"https:\/\/kinderbasar.bschorr.de\/index.php?rest_route=\/wp\/v2\/pages\/107","targetHints":{"allow":["GET"]}}],"collection":[{"href":"https:\/\/kinderbasar.bschorr.de\/index.php?rest_route=\/wp\/v2\/pages"}],"about":[{"href":"https:\/\/kinderbasar.bschorr.de\/index.php?rest_route=\/wp\/v2\/types\/page"}],"author":[{"embeddable":true,"href":"https:\/\/kinderbasar.bschorr.de\/index.php?rest_route=\/wp\/v2\/users\/1"}],"replies":[{"embeddable":true,"href":"https:\/\/kinderbasar.bschorr.de\/index.php?rest_route=%2Fwp%2Fv2%2Fcomments&post=107"}],"version-history":[{"count":10,"href":"https:\/\/kinderbasar.bschorr.de\/index.php?rest_route=\/wp\/v2\/pages\/107\/revisions"}],"predecessor-version":[{"id":193,"href":"https:\/\/kinderbasar.bschorr.de\/index.php?rest_route=\/wp\/v2\/pages\/107\/revisions\/193"}],"wp:attachment":[{"href":"https:\/\/kinderbasar.bschorr.de\/index.php?rest_route=%2Fwp%2Fv2%2Fmedia&parent=107"}],"curies":[{"name":"wp","href":"https:\/\/api.w.org\/{rel}","templated":true}]}}