{"id":123,"date":"2025-02-10T15:35:48","date_gmt":"2025-02-10T14:35:48","guid":{"rendered":"https:\/\/kinderbasar.bschorr.de\/?page_id=123"},"modified":"2025-09-07T21:38:01","modified_gmt":"2025-09-07T20:38:01","slug":"infos-fuer-verkaeufer","status":"publish","type":"page","link":"https:\/\/kinderbasar.bschorr.de\/?page_id=123","title":{"rendered":"Infos f\u00fcr Verk\u00e4ufer"},"content":{"rendered":"<p><strong>1) Etiketten erstellen<\/strong><\/p>\n<ol>\n<li><strong>Artikel\u00a0<\/strong> in Basar3\u00a0 eintragen<\/li>\n<li>Preise in <strong>50ct -Staffelung<\/strong> (nicht 4,20 bitte)<\/li>\n<li><strong>Etiketten f\u00fcllt die Software <\/strong>automatisch<\/li>\n<li>Etiketten <strong>ausdrucken: <\/strong>entweder auf dickem Papier ab 160g ODER nach Ausdrucken auf Karton aufkleben, dann zuschneiden und lochen<\/li>\n<\/ol>\n<p><strong>Hinweis: <\/strong>Wenn man\u00a0 VOR Abgabe entscheidet einen Artikel nicht zu verkaufen, dann bitte direkt online aus der Warenliste l\u00f6schen.<\/p>\n<p><strong>2) Etiketten an Ware befestigen<\/strong><\/p>\n<ol>\n<li>Kleidung und Schuhe\n<ol>\n<li>Geschenkband hat sich zum Anbinden der Etiketten bew\u00e4hrt<\/li>\n<li>Wer \u00f6fter bei Basaren verkaufen m\u00f6chte, kann \u00fcber eine Etikettierpistole nachdenken, (z.B. beim Online-H\u00e4ndler ab 7 Euro)<\/li>\n<li>Keine Nadeln\/Sicherheitsnadeln wg. Verletzungsgefahr<\/li>\n<li>Kein Klebefilm<\/li>\n<li>Kleiderpaketen (z.B. 3 Bodys, 2teiliges Set) bitte so zusammenbinden, dass keine Einzelteile verloren gehen<\/li>\n<li>CDs\/DVDs etc. mit Kunstsstoffeinband: Etikett mit Klebefilm aufkleben \u2013 bitte kein \u201ePanzerband\u201c<\/li>\n<li>B\u00fccher, Spiele, Puzzle etc. mit Papier\/Kartoneinband: bitte nur leicht abl\u00f6sbaren Klebefilm verwenden<\/li>\n<li>Spiele, Puzzle: bitte zubinden mit Geschenkband, keine Klebefilme, da diese Schachteln besch\u00e4digen<\/li>\n<\/ol>\n<\/li>\n<li>Gro\u00dfe Artikel mit Funktion:\n<ol>\n<li>Bitte auf Klebeband auf dem Artikel die Telefonnummer mit angeben f\u00fcr eventuelle R\u00fcckfragen des K\u00e4ufers<\/li>\n<li>Falls vorhanden, Bedienungsanleitungen lochen und mit Geschenkband anh\u00e4ngen<\/li>\n<\/ol>\n<\/li>\n<\/ol>\n<p><strong>\u00a03) <\/strong><strong>Warenanlieferung <\/strong><\/p>\n<ul>\n<li>Bitte bringen Sie Ihre beschrifteten Artikel in einem W\u00e4schekorb o.\u00e4. (keine T\u00fcten), beschriftet mit Ihrer Verk\u00e4ufernummer (z.B. auf Klebeband)!<\/li>\n<li>Wer uns helfen m\u00f6chte, liefert die Waren in m\u00f6glichst wenigen Beh\u00e4ltnissen gr\u00f6\u00dfensortiert an.<\/li>\n<\/ul>\n<p>&nbsp;<\/p>\n<p><span style=\"color: #ff0000;\"><strong>Wir bieten nur einwandfreie Ware zum Verkauf an, d.h. 100% sauber<\/strong>, <strong>intakt<\/strong> und <strong>funktionsf\u00e4hig<\/strong>.<\/span><br \/>\nWir behalten uns vor, besch\u00e4digte oder fleckige Ware nicht zum Verkauf auszulegen, die \u20ac0,10 \/ Artikel werden trotzdem berechnet!<\/p>\n<p>&nbsp;<\/p>\n<p><strong>4) Waren- und Erl\u00f6sabholung bitte p\u00fcnktlich am Basartag!<\/strong><\/p>\n<p><span style=\"color: #ff0000;\"><strong>Waren oder Erl\u00f6se, die am Verkaufstag nicht rechtzeitig abgeholt werden (d.h. bis 17:30), betrachten wir als Spende f\u00fcr die teilnehmenden Einrichtungen.<br \/>\nAlle nicht-verkauften Artikel m\u00fcssen abgeholt werden.<\/strong><\/span><\/p>\n","protected":false},"excerpt":{"rendered":"<p>1) Etiketten erstellen Artikel\u00a0 in Basar3\u00a0 eintragen Preise in 50ct -Staffelung (nicht 4,20 bitte) Etiketten f\u00fcllt die Software automatisch Etiketten ausdrucken: entweder auf dickem Papier ab 160g ODER nach Ausdrucken auf Karton aufkleben, dann zuschneiden und lochen Hinweis: Wenn man\u00a0 VOR Abgabe entscheidet einen Artikel nicht zu verkaufen, dann bitte direkt online aus der Warenliste &#8230; <a title=\"Infos f\u00fcr Verk\u00e4ufer\" class=\"read-more\" href=\"https:\/\/kinderbasar.bschorr.de\/?page_id=123\" aria-label=\"Mehr Informationen \u00fcber Infos f\u00fcr Verk\u00e4ufer\">Weiterlesen<\/a><\/p>\n","protected":false},"author":1,"featured_media":0,"parent":0,"menu_order":0,"comment_status":"closed","ping_status":"closed","template":"","meta":{"footnotes":""},"class_list":["post-123","page","type-page","status-publish"],"_links":{"self":[{"href":"https:\/\/kinderbasar.bschorr.de\/index.php?rest_route=\/wp\/v2\/pages\/123","targetHints":{"allow":["GET"]}}],"collection":[{"href":"https:\/\/kinderbasar.bschorr.de\/index.php?rest_route=\/wp\/v2\/pages"}],"about":[{"href":"https:\/\/kinderbasar.bschorr.de\/index.php?rest_route=\/wp\/v2\/types\/page"}],"author":[{"embeddable":true,"href":"https:\/\/kinderbasar.bschorr.de\/index.php?rest_route=\/wp\/v2\/users\/1"}],"replies":[{"embeddable":true,"href":"https:\/\/kinderbasar.bschorr.de\/index.php?rest_route=%2Fwp%2Fv2%2Fcomments&post=123"}],"version-history":[{"count":3,"href":"https:\/\/kinderbasar.bschorr.de\/index.php?rest_route=\/wp\/v2\/pages\/123\/revisions"}],"predecessor-version":[{"id":173,"href":"https:\/\/kinderbasar.bschorr.de\/index.php?rest_route=\/wp\/v2\/pages\/123\/revisions\/173"}],"wp:attachment":[{"href":"https:\/\/kinderbasar.bschorr.de\/index.php?rest_route=%2Fwp%2Fv2%2Fmedia&parent=123"}],"curies":[{"name":"wp","href":"https:\/\/api.w.org\/{rel}","templated":true}]}}