{"id":127,"date":"2025-02-10T15:58:33","date_gmt":"2025-02-10T14:58:33","guid":{"rendered":"https:\/\/kinderbasar.bschorr.de\/?page_id=127"},"modified":"2026-02-21T22:39:35","modified_gmt":"2026-02-21T21:39:35","slug":"die-idee-warum","status":"publish","type":"page","link":"https:\/\/kinderbasar.bschorr.de\/?page_id=127","title":{"rendered":"Die Idee &#8211; Warum?"},"content":{"rendered":"<h2>Nachhaltig am Ort g\u00fcnstig Kinderkleidung einkaufen bzw. verkaufen und dabei etwas Gutes tun \u2013 das treibt uns an.<\/h2>\n<p>Wir haben die Vision, dass in Vaterstetten:<\/p>\n<ul>\n<li>Familien mit Kindern die M\u00f6glichkeit haben, Kinderkleidung und alles rund ums gr\u00f6\u00dfere Kind nachhaltig und g\u00fcnstig zu kaufen und zu verkaufen<\/li>\n<li>Alle Gewinne direkt und vollst\u00e4ndig bei Kindertagesst\u00e4tten bzw. schulnahen Einrichtungen direkt in Vaterstetten ankommen<\/li>\n<li>Sich Eltern von verschiedenen Kinderbetreuungseinrichtungen vernetzen, um gemeinsam etwas zu schaffen und dabei Spa\u00df zu haben.<\/li>\n<li>Helfer lokal beitragen, um diese Veranstlatung durchzuf\u00fchren<\/li>\n<\/ul>\n<h4>1) Wer sind wir?<\/h4>\n<p>Wir starteten 2017 als Elterninitiative von 3 Mamas aus einer Vaterstettener Krippe als Trotzreaktion, dass wir bei einem gro\u00dfen Babybasar in der Region gerne verkauft h\u00e4tten,<\/p>\n<p>Aber:<\/p>\n<ul>\n<li>keine von uns hat eine Verk\u00e4ufernummer gekriegt<\/li>\n<li>die Erl\u00f6se wurden in alle Welt gespendet, nur ein kleiner Anteil kam direkt bei den Kindertagesst\u00e4tten vor Ort an<\/li>\n<li>Helfer sein und kleine Kinder dabei haben &#8211; war laut damaligen Veranstaltern ausgeschlossen<\/li>\n<li>Bei den meisten Abgabebasaren gibt es keine M\u00f6glichkeit vorab Spielsachen und Dinge direkt zu spenden<\/li>\n<\/ul>\n<p>Seitdem ist es uns gelungen einen der gr\u00f6\u00dften Kinderbasare im Landkreis Ebersberg zu etablieren. \u00dcber 80.000 Artikel haben wir seitdem auf unsere Basartische sortiert \ud83d\ude42<\/p>\n<p>Mittlerweile kommen die Helfer aus 5 Kinderbetreuungseinrichtungen vor Ort. Rund 40 flei\u00dfige H\u00e4ndepaare unterst\u00fctzen uns bei jedem Basar. Seit 2025 hat sich das Kernteam auf 6 Mamas erweitert.<\/p>\n<p><strong><span style=\"color: #003366;\">Unser Dank f\u00fcr die Schirmherrschaft geht seit 2022 an das KIKABO (Evangelischen Kinderhaus Katharina-von-Bora Baldham) unter Leitung von Annika Deutschmann.<\/span><\/strong><\/p>\n<h4><strong>2) Warum ist uns Nachhaltigkeit wichtig?<\/strong><\/h4>\n<p>Viele Dinge sind bei Kindersachen Artikel, die man zu einem Anlass \/ eine Saison \/ eine wenige Monate passende Gr\u00f6\u00dfe lang nutzt. <strong>Da ist noch ganz viel Leben drin, auch wenn das eigene Kind rausgewachsen ist und\/ oder kleine Flecken dran sind.<\/strong><\/p>\n<p>z.B. die Kinderflossen, die genau 2 Wochen im Urlaub passten, dem kleinen Geschwisterkind im Winter passen w\u00fcrde<\/p>\n<p>z.B. wir spendeten gebrauchte Matschhosen und Gummistiefel als Pool-Ausr\u00fcstung ans KIKABO. Bis heute l\u00e4chle ich leicht, wenn ich vormittags am Spielplatz vorbei laufe und die alte Matschhose meiner Tochter laufen sehe<\/p>\n<p>z.B. gingen mehrere Reisebetten an verschiedene Krippengruppen in Vaterstetten<\/p>\n<p>Zus\u00e4tzlich geht unser Dank an die lokalen Foodsharing-Gruppe, die unsere Helfer seit 2024 mit Snacks versorgt. So tragen wir zur Vermeidung von Lebensmittelvernichtung bei, alle Helfer werden satt und d\u00fcrfen sich mit tollen Backwaren eindecken.<\/p>\n<p>Mehr zur Nachhaltigkeit von Basaren hier: https:\/\/nachhaltig4future.de\/herbstzeit-ist-basarzeit-nachhaltig-einkaufen-und-geniessen\/<\/p>\n<h4><strong>3) Warum freuen sich unsere Einrichtungen \u00fcber Kinderb\u00fccher und Spielsachen?<\/strong><\/h4>\n<p><strong><span style=\"color: #339966;\">Spielsachen sind teuer und die finanziellen Ressourcen unserer Kindertagesst\u00e4tten und Horte leider begrenzt. Wir nehmen daher gerne Spenden gut erhaltener Kinderb\u00fccher und Spiele inkl. Spielsachen (vom Krippen- bis zum Grundschulalter) an.<\/span> Ein Verkauf w\u00fcrde wenige Euro bringen, als Direktspende profitieren die Kinder in den bespendeten Einrichtungen direkt.<\/strong><\/p>\n<p>z. B. Seit Gr\u00fcndung wurden \u00fcber 10 Umzugskartons gef\u00fcllt mit gebrauchten B\u00fcchern, Spielsachen (LEGO, Playmobil, Fisher Price), Lernspielsachen und Brettspielen sowie mehrere Fahrzeuge direkt an die teilnehmenden Kindertagesst\u00e4tten in Vaterstetten gespendet, jeweils passend zum Alter der betreuten Kinder, immer zeitnah vor\/ nach dem Basar.<\/p>\n<h4><strong>4) Warum nehmen wir<em> nach dem Basar keine Kleider- und Gro\u00dfteilspenden<\/em> mehr an?<\/strong><\/h4>\n<p>Leider mussten wir zunehmend feststellen, das besch\u00e4digte, sperrrige oder unvollst\u00e4ndige Sachen gespendet wurden. Da der Basar von einem sehr kleinen Orgateam organisiert wird, und wir Spenden privat sortieren, waschen und lagern m\u00fcssten, haben wir uns entschlossen nur noch<strong> gut erhaltene Kinderb\u00fccher und Spiele inkl. Spielsachen (vom Krippen- bis zum Grundschulalter) anzunehmen.<\/strong><\/p>\n<p><strong><span style=\"color: #003366;\">Reduce &#8211; Reuse &#8211; Recycle, weil unser Planet und unsere Geldbeutel begrenzte Resourcen haben.<\/span><\/strong><\/p>\n","protected":false},"excerpt":{"rendered":"<p>Nachhaltig am Ort g\u00fcnstig Kinderkleidung einkaufen bzw. verkaufen und dabei etwas Gutes tun \u2013 das treibt uns an. Wir haben die Vision, dass in Vaterstetten: Familien mit Kindern die M\u00f6glichkeit haben, Kinderkleidung und alles rund ums gr\u00f6\u00dfere Kind nachhaltig und g\u00fcnstig zu kaufen und zu verkaufen Alle Gewinne direkt und vollst\u00e4ndig bei Kindertagesst\u00e4tten bzw. schulnahen &#8230; <a title=\"Die Idee &#8211; Warum?\" class=\"read-more\" href=\"https:\/\/kinderbasar.bschorr.de\/?page_id=127\" aria-label=\"Mehr Informationen \u00fcber Die Idee &#8211; Warum?\">Weiterlesen<\/a><\/p>\n","protected":false},"author":1,"featured_media":0,"parent":0,"menu_order":0,"comment_status":"closed","ping_status":"closed","template":"","meta":{"footnotes":""},"class_list":["post-127","page","type-page","status-publish"],"_links":{"self":[{"href":"https:\/\/kinderbasar.bschorr.de\/index.php?rest_route=\/wp\/v2\/pages\/127","targetHints":{"allow":["GET"]}}],"collection":[{"href":"https:\/\/kinderbasar.bschorr.de\/index.php?rest_route=\/wp\/v2\/pages"}],"about":[{"href":"https:\/\/kinderbasar.bschorr.de\/index.php?rest_route=\/wp\/v2\/types\/page"}],"author":[{"embeddable":true,"href":"https:\/\/kinderbasar.bschorr.de\/index.php?rest_route=\/wp\/v2\/users\/1"}],"replies":[{"embeddable":true,"href":"https:\/\/kinderbasar.bschorr.de\/index.php?rest_route=%2Fwp%2Fv2%2Fcomments&post=127"}],"version-history":[{"count":12,"href":"https:\/\/kinderbasar.bschorr.de\/index.php?rest_route=\/wp\/v2\/pages\/127\/revisions"}],"predecessor-version":[{"id":192,"href":"https:\/\/kinderbasar.bschorr.de\/index.php?rest_route=\/wp\/v2\/pages\/127\/revisions\/192"}],"wp:attachment":[{"href":"https:\/\/kinderbasar.bschorr.de\/index.php?rest_route=%2Fwp%2Fv2%2Fmedia&parent=127"}],"curies":[{"name":"wp","href":"https:\/\/api.w.org\/{rel}","templated":true}]}}