{"id":43,"date":"2025-02-07T15:36:25","date_gmt":"2025-02-07T15:36:25","guid":{"rendered":"https:\/\/kinderbasar.bschorr.de\/?page_id=43"},"modified":"2026-02-21T22:20:02","modified_gmt":"2026-02-21T21:20:02","slug":"team","status":"publish","type":"page","link":"https:\/\/kinderbasar.bschorr.de\/?page_id=43","title":{"rendered":"Verkaufen"},"content":{"rendered":"\r\n<p>Unser Basar ist ein vorsortierter Abgabebasar. Dies bedeutet, dass alle von den Verk\u00e4ufern zur Verf\u00fcgung gestellten <strong>Waren nach Kleidungsgr\u00f6\u00dfen bzw. Warengruppen geordnet pr\u00e4sentiert<\/strong> werden. Der Vorteil, Verk\u00e4ufer m\u00fcssen w\u00e4hrend des Basars nicht anwesend sein.<\/p>\r\n<p>Also: Kleider auszeichnen mit Preis, vorbeibringen und dann Erl\u00f6s am n\u00e4chsten Tag abholen.<\/p>\r\n<ul>\r\n<li><strong>Artikel- und Kuchenabgabe:<\/strong> Freitag 17.04.2026 von 16:00 bis 17:30<strong><br \/><\/strong><\/li>\r\n<li><strong>Verkauf: Samstag 09:00 -12:30<\/strong><\/li>\r\n<li><strong>Abrechnung und Warenr\u00fcckgabe: <\/strong>Samstag 18.04.2026 von 16:00 bis 17:30<\/li>\r\n<\/ul>\r\n<p>Die Verk\u00e4ufergeb\u00fchren von<strong> \u20ac 0,10 pro abgegebenen Artikel (Abgabegeb\u00fchr) + 20 % des Verkaufserl\u00f6ses (Verkaufsgeb\u00fchr, nur wenn verkauft wird) <\/strong>kommen direkt in Vaterstettener Kindertageseinrichtungen an.<\/p>\r\n<p>Es d\u00fcrfen bis zu 60 Teile pro Verk\u00e4ufernummer abgegeben werden. Bitte seid fair, daher pro Familie bitte nur eine Verk\u00e4ufernummer. Wird mehr als eine Nummer reserviert, so schlie\u00dfen wir den Verk\u00e4ufer von der Abgabe beider Nummern aus!<br \/>\u00dcbrigens: Helfer d\u00fcrfen 90 bzw. 150 Teile abgeben.<\/p>\r\n<h2><strong>Was darf abgegeben werden?<\/strong><\/h2>\r\n<ul>\r\n<li>Kinderkleidung Gr\u00f6\u00dfe<strong> 92\/98 bis 176<\/strong>\u00a0(passend zur Jahreszeit)<\/li>\r\n<li>Trachten und Festtagsmode<\/li>\r\n<li>Schuhe Gr\u00f6\u00dfe <strong>24 bis 37<\/strong> (passend zur Jahreszeit)<\/li>\r\n<li>Spielzeug (bitte auf Vollst\u00e4ndigkeit pr\u00fcfen)<\/li>\r\n<li>Kinder- und Jugendb\u00fccher<\/li>\r\n<li>Digitale Medien (nur Originale): Musik- und H\u00f6rspiel-CDs und DVDs<\/li>\r\n<li>Lernspielsachen<\/li>\r\n<li>Draussenspielsachen\r\n<ul>\r\n<li>Roller, Dreir\u00e4der, Laufr\u00e4der, Fahrr\u00e4der bis 20&#8243;<\/li>\r\n<li>Buggys und Bollerwagen<\/li>\r\n<li>Inliner, Rollschuhe, Schlittschuhe<\/li>\r\n<li>Schwimm- und Sportsachen<\/li>\r\n<\/ul>\r\n<\/li>\r\n<li>Autositze, die die R44\/03 und R44\/04 erf\u00fcllen (keine Babyschalen)<\/li>\r\n<li>Fahrradsitze und Helme<\/li>\r\n<li>Sicherheitszubeh\u00f6r: Nachtlichter, T\u00fcrsperrgitter, Treppenschutzgitter etc.<\/li>\r\n<li>Traget\u00fccher\/ Tragehilfen<\/li>\r\n<\/ul>\r\n<h2><strong>Was darf nicht abgegeben werden? <\/strong><\/h2>\r\n<ul>\r\n<li>Babykleidung unter Gr\u00f6\u00dfe 92<\/li>\r\n<li>Babyzubeh\u00f6r<\/li>\r\n<li>keine Babyschalen<\/li>\r\n<li>Schwangerschaftsmode<\/li>\r\n<li>Schuhe \u00fcber Gr\u00f6\u00dfe 38<\/li>\r\n<li>keine M\u00f6bel, keine Hochst\u00fchle, keine Reisebetten<\/li>\r\n<\/ul>\r\n<p>&nbsp;<\/p>\r\n<h2>Verk\u00e4ufernummern gibt es ausschlie\u00dflich \u00fcber unsere Verkaufssoftware:<\/h2>\r\n<p><img decoding=\"async\" class=\"x6s0dn4 x78zum5 x5yr21d xl56j7k x6ikm8r x10wlt62 x1n2onr6 xh8yej3 xhtitgo _ao3e\" tabindex=\"0\" draggable=\"true\" src=\"blob:https:\/\/web.whatsapp.com\/c549711e-b9e1-47ce-8fa1-beef92ba9887\" alt=\"\" crossorigin=\"anonymous\" \/>1)\u00a0 unter <a href=\"https:\/\/www.basar-3-app.de\/basar3\/\" target=\"_blank\" rel=\"noopener\">https:\/\/www.basar-3-app.de\/basar3\/<\/a>\u00a0 Login erstellen<\/p>\r\n<p>2) dann erst unter <a href=\"https:\/\/www.basar3.de\/kikabo\" target=\"_blank\" rel=\"noopener\">https:\/\/www.basar3.de\/kikabo<\/a> eine Verk\u00e4ufernummer reservieren.<\/p>\r\n<p>&nbsp;<\/p>\r\n","protected":false},"excerpt":{"rendered":"<p>Unser Basar ist ein vorsortierter Abgabebasar. Dies bedeutet, dass alle von den Verk\u00e4ufern zur Verf\u00fcgung gestellten Waren nach Kleidungsgr\u00f6\u00dfen bzw. Warengruppen geordnet pr\u00e4sentiert werden. Der Vorteil, Verk\u00e4ufer m\u00fcssen w\u00e4hrend des Basars nicht anwesend sein. Also: Kleider auszeichnen mit Preis, vorbeibringen und dann Erl\u00f6s am n\u00e4chsten Tag abholen. Artikel- und Kuchenabgabe: Freitag 17.04.2026 von 16:00 bis &#8230; <a title=\"Verkaufen\" class=\"read-more\" href=\"https:\/\/kinderbasar.bschorr.de\/?page_id=43\" aria-label=\"Mehr Informationen \u00fcber Verkaufen\">Weiterlesen<\/a><\/p>\n","protected":false},"author":1,"featured_media":0,"parent":0,"menu_order":0,"comment_status":"closed","ping_status":"closed","template":"","meta":{"footnotes":""},"class_list":["post-43","page","type-page","status-publish"],"_links":{"self":[{"href":"https:\/\/kinderbasar.bschorr.de\/index.php?rest_route=\/wp\/v2\/pages\/43","targetHints":{"allow":["GET"]}}],"collection":[{"href":"https:\/\/kinderbasar.bschorr.de\/index.php?rest_route=\/wp\/v2\/pages"}],"about":[{"href":"https:\/\/kinderbasar.bschorr.de\/index.php?rest_route=\/wp\/v2\/types\/page"}],"author":[{"embeddable":true,"href":"https:\/\/kinderbasar.bschorr.de\/index.php?rest_route=\/wp\/v2\/users\/1"}],"replies":[{"embeddable":true,"href":"https:\/\/kinderbasar.bschorr.de\/index.php?rest_route=%2Fwp%2Fv2%2Fcomments&post=43"}],"version-history":[{"count":15,"href":"https:\/\/kinderbasar.bschorr.de\/index.php?rest_route=\/wp\/v2\/pages\/43\/revisions"}],"predecessor-version":[{"id":187,"href":"https:\/\/kinderbasar.bschorr.de\/index.php?rest_route=\/wp\/v2\/pages\/43\/revisions\/187"}],"wp:attachment":[{"href":"https:\/\/kinderbasar.bschorr.de\/index.php?rest_route=%2Fwp%2Fv2%2Fmedia&parent=43"}],"curies":[{"name":"wp","href":"https:\/\/api.w.org\/{rel}","templated":true}]}}